{"id":965,"date":"2022-03-24T10:37:15","date_gmt":"2022-03-24T10:37:15","guid":{"rendered":"https:\/\/krankenversicherung-schweiz.ch\/?page_id=965"},"modified":"2022-03-28T09:21:24","modified_gmt":"2022-03-28T09:21:24","slug":"vergleich","status":"publish","type":"page","link":"https:\/\/krankenversicherung-schweiz.ch\/pt-pt\/vergleich\/","title":{"rendered":"Vergleich"},"content":{"rendered":"<p>[et_pb_section fb_built=&#8221;1&#8243; _builder_version=&#8221;4.15.1&#8243; _module_preset=&#8221;default&#8221; custom_padding=&#8221;||2px|||&#8221; global_colors_info=&#8221;{}&#8221;][et_pb_row _builder_version=&#8221;4.15.1&#8243; _module_preset=&#8221;default&#8221; global_colors_info=&#8221;{}&#8221;][et_pb_column type=&#8221;4_4&#8243; _builder_version=&#8221;4.15.1&#8243; _module_preset=&#8221;default&#8221; global_colors_info=&#8221;{}&#8221;][et_pb_image src=&#8221;https:\/\/krankenversicherung-schweiz.ch\/wp-content\/uploads\/2022\/03\/POR-Kundenbewertungen-Banner-1.png&#8221; title_text=&#8221;POR-Kundenbewertungen-Banner&#8221; _builder_version=&#8221;4.15.1&#8243; _module_preset=&#8221;default&#8221; width=&#8221;76%&#8221; module_alignment=&#8221;center&#8221; custom_margin=&#8221;-100px||-50px||false|false&#8221; custom_margin_tablet=&#8221;-100px||-50px||false|false&#8221; custom_margin_phone=&#8221;-80px||||false|false&#8221; custom_margin_last_edited=&#8221;on|phone&#8221; hover_enabled=&#8221;0&#8243; global_colors_info=&#8221;{}&#8221; sticky_enabled=&#8221;0&#8243;][\/et_pb_image][\/et_pb_column][\/et_pb_row][et_pb_row _builder_version=&#8221;4.15.1&#8243; _module_preset=&#8221;default&#8221; width=&#8221;100%&#8221; max_width=&#8221;2560px&#8221; custom_margin=&#8221;||||false|false&#8221; custom_margin_tablet=&#8221;||||false|false&#8221; custom_margin_phone=&#8221;-80px||||false|false&#8221; custom_margin_last_edited=&#8221;on|phone&#8221; global_colors_info=&#8221;{}&#8221;][et_pb_column type=&#8221;4_4&#8243; _builder_version=&#8221;4.15.1&#8243; _module_preset=&#8221;default&#8221; global_colors_info=&#8221;{}&#8221;][et_pb_text _builder_version=&#8221;4.15.1&#8243; _module_preset=&#8221;default&#8221; text_text_color=&#8221;#FFFFFF&#8221; background_color=&#8221;gcid-5ac03900-624e-4d2a-a340-d7a2c39a9a64&#8243; width=&#8221;100%&#8221; max_width=&#8221;100%&#8221; min_height=&#8221;18.8px&#8221; global_colors_info=&#8221;{%22gcid-5ac03900-624e-4d2a-a340-d7a2c39a9a64%22:%91%22background_color%22%93}&#8221;]<\/p>\n<p style=\"text-align: center;\"><strong>Agora economize at\u00e9 CHF 3.357 por ano<\/strong><\/p>\n<p>[\/et_pb_text][\/et_pb_column][\/et_pb_row][\/et_pb_section][et_pb_section fb_built=&#8221;1&#8243; _builder_version=&#8221;4.15.1&#8243; _module_preset=&#8221;default&#8221; custom_padding=&#8221;||54px|||&#8221; global_colors_info=&#8221;{}&#8221;][et_pb_row _builder_version=&#8221;4.15.1&#8243; _module_preset=&#8221;default&#8221; global_colors_info=&#8221;{}&#8221;][et_pb_column type=&#8221;4_4&#8243; _builder_version=&#8221;4.15.1&#8243; _module_preset=&#8221;default&#8221; global_colors_info=&#8221;{}&#8221;][et_pb_text _builder_version=&#8221;4.15.1&#8243; _module_preset=&#8221;default&#8221; header_2_text_color=&#8221;gcid-5ac03900-624e-4d2a-a340-d7a2c39a9a64&#8243; custom_margin_tablet=&#8221;&#8221; custom_margin_phone=&#8221;-80px||||false|false&#8221; custom_margin_last_edited=&#8221;on|phone&#8221; global_colors_info=&#8221;{%22gcid-5ac03900-624e-4d2a-a340-d7a2c39a9a64%22:%91%22header_2_text_color%22%93}&#8221;]<\/p>\n<h2 style=\"text-align: center;\"><strong>Em apenas alguns passos para a sua nova companhia de seguros de sa\u00fade<\/strong><\/h2>\n<p>[\/et_pb_text][\/et_pb_column][\/et_pb_row][et_pb_row _builder_version=&#8221;4.15.1&#8243; _module_preset=&#8221;default&#8221; global_colors_info=&#8221;{}&#8221;][et_pb_column type=&#8221;4_4&#8243; _builder_version=&#8221;4.15.1&#8243; _module_preset=&#8221;default&#8221; global_colors_info=&#8221;{}&#8221;][et_pb_text _builder_version=&#8221;4.15.1&#8243; _module_preset=&#8221;default&#8221; custom_margin=&#8221;||||false|false&#8221; custom_margin_tablet=&#8221;||||false|false&#8221; custom_margin_phone=&#8221;-30px||||false|false&#8221; custom_margin_last_edited=&#8221;on|phone&#8221; global_colors_info=&#8221;{}&#8221;]<\/p>\n<div data-paperform-id=\"mvvde2of\"><\/div>\n<p>\n<script>(function() {var script = document.createElement('script'); script.src = \"https:\/\/paperform.co\/__embed.min.js\"; document.body.appendChild(script); })()<\/script>\n<\/p>\n<p>[\/et_pb_text][\/et_pb_column][\/et_pb_row][\/et_pb_section][et_pb_section fb_built=&#8221;1&#8243; _builder_version=&#8221;4.15.1&#8243; _module_preset=&#8221;default&#8221; global_module=&#8221;930&#8243; global_colors_info=&#8221;{}&#8221;][et_pb_row column_structure=&#8221;1_3,1_3,1_3&#8243; _builder_version=&#8221;4.15.1&#8243; _module_preset=&#8221;default&#8221; global_colors_info=&#8221;{}&#8221;][et_pb_column type=&#8221;1_3&#8243; _builder_version=&#8221;4.15.1&#8243; _module_preset=&#8221;default&#8221; global_colors_info=&#8221;{}&#8221;][et_pb_text _builder_version=&#8221;4.15.1&#8243; _module_preset=&#8221;default&#8221; link_text_color=&#8221;#000000&#8243; link_line_height=&#8221;0em&#8221; header_5_text_color=&#8221;gcid-5ac03900-624e-4d2a-a340-d7a2c39a9a64&#8243; global_colors_info=&#8221;{%22gcid-5ac03900-624e-4d2a-a340-d7a2c39a9a64%22:%91%22header_5_text_color%22%93}&#8221;]<\/p>\n<h5 style=\"text-align: center;\">Legal<\/h5>\n<p><center><a href=\"https:\/\/krankenversicherung-schweiz.ch\/pt-pt\/impressum\/\">Impressum<\/a><\/center><center><a href=\"https:\/\/krankenversicherung-schweiz.ch\/pt-pt\/datenschutz\/\">Protec\u00e7\u00e3o de dados<\/a><\/center>[\/et_pb_text][\/et_pb_column][et_pb_column type=&#8221;1_3&#8243; _builder_version=&#8221;4.15.1&#8243; _module_preset=&#8221;default&#8221; global_colors_info=&#8221;{}&#8221;][\/et_pb_column][et_pb_column type=&#8221;1_3&#8243; _builder_version=&#8221;4.15.1&#8243; _module_preset=&#8221;default&#8221; global_colors_info=&#8221;{}&#8221;][et_pb_text _builder_version=&#8221;4.15.1&#8243; _module_preset=&#8221;default&#8221; link_text_color=&#8221;#000000&#8243; link_line_height=&#8221;0em&#8221; header_5_text_color=&#8221;gcid-5ac03900-624e-4d2a-a340-d7a2c39a9a64&#8243; global_colors_info=&#8221;{%22gcid-5ac03900-624e-4d2a-a340-d7a2c39a9a64%22:%91%22header_5_text_color%22%93}&#8221;]<\/p>\n<h5 style=\"text-align: center;\">Meios de comunica\u00e7\u00e3o social<\/h5>\n<p><center><a href=\"https:\/\/www.facebook.com\/finanzpartnerschweiz\/\">Facebook<\/a><\/center><center><a href=\"https:\/\/instagram.com\/fp_finanzpartner\">Instagram<\/a><\/center>[\/et_pb_text][\/et_pb_column][\/et_pb_row][et_pb_row _builder_version=&#8221;4.15.1&#8243; _module_preset=&#8221;default&#8221; global_colors_info=&#8221;{}&#8221;][et_pb_column type=&#8221;4_4&#8243; _builder_version=&#8221;4.15.1&#8243; _module_preset=&#8221;default&#8221; global_colors_info=&#8221;{}&#8221;][et_pb_text content_tablet=&#8221;&#8221; content_phone=&#8221;&#8221; content_last_edited=&#8221;on|phone&#8221; _builder_version=&#8221;4.15.1&#8243; _module_preset=&#8221;default&#8221; text_text_color=&#8221;#000000&#8243; link_text_color=&#8221;#000000&#8243; global_colors_info=&#8221;{}&#8221;]<\/p>\n<p style=\"text-align: center;\"><span>\u00a9 2022 krankenversicherung-schweiz.ch&nbsp;designed by &nbsp;<\/span><a href=\"https:\/\/www.rodriguesconsulting.ch\/\">Rodrigues Consulting GmbH<\/a><\/p>\n<p>[\/et_pb_text][\/et_pb_column][\/et_pb_row][\/et_pb_section]<\/p>\n","protected":false},"excerpt":{"rendered":"<p>Agora economize at\u00e9 CHF 3.357 por anoEm apenas alguns passos para a sua nova companhia de seguros de sa\u00fade Legal ImpressumProtec\u00e7\u00e3o de dadosMeios de comunica\u00e7\u00e3o social FacebookInstagram\u00a9 2022 krankenversicherung-schweiz.ch&nbsp;designed by &nbsp;Rodrigues Consulting GmbH<\/p>\n","protected":false},"author":1,"featured_media":0,"parent":0,"menu_order":0,"comment_status":"closed","ping_status":"closed","template":"page-template-blank.php","meta":{"_et_pb_use_builder":"on","_et_pb_old_content":"","_et_gb_content_width":"","footnotes":""},"class_list":["post-965","page","type-page","status-publish","hentry"],"_links":{"self":[{"href":"https:\/\/krankenversicherung-schweiz.ch\/pt-pt\/wp-json\/wp\/v2\/pages\/965","targetHints":{"allow":["GET"]}}],"collection":[{"href":"https:\/\/krankenversicherung-schweiz.ch\/pt-pt\/wp-json\/wp\/v2\/pages"}],"about":[{"href":"https:\/\/krankenversicherung-schweiz.ch\/pt-pt\/wp-json\/wp\/v2\/types\/page"}],"author":[{"embeddable":true,"href":"https:\/\/krankenversicherung-schweiz.ch\/pt-pt\/wp-json\/wp\/v2\/users\/1"}],"replies":[{"embeddable":true,"href":"https:\/\/krankenversicherung-schweiz.ch\/pt-pt\/wp-json\/wp\/v2\/comments?post=965"}],"version-history":[{"count":5,"href":"https:\/\/krankenversicherung-schweiz.ch\/pt-pt\/wp-json\/wp\/v2\/pages\/965\/revisions"}],"predecessor-version":[{"id":1129,"href":"https:\/\/krankenversicherung-schweiz.ch\/pt-pt\/wp-json\/wp\/v2\/pages\/965\/revisions\/1129"}],"wp:attachment":[{"href":"https:\/\/krankenversicherung-schweiz.ch\/pt-pt\/wp-json\/wp\/v2\/media?parent=965"}],"curies":[{"name":"wp","href":"https:\/\/api.w.org\/{rel}","templated":true}]}}