{"id":956,"date":"2022-03-24T10:22:19","date_gmt":"2022-03-24T10:22:19","guid":{"rendered":"https:\/\/krankenversicherung-schweiz.ch\/?page_id=956"},"modified":"2022-03-28T09:20:12","modified_gmt":"2022-03-28T09:20:12","slug":"datenschutz","status":"publish","type":"page","link":"https:\/\/krankenversicherung-schweiz.ch\/pt-pt\/datenschutz\/","title":{"rendered":"Datenschutz"},"content":{"rendered":"<p>[et_pb_section fb_built=&#8221;1&#8243; _builder_version=&#8221;4.15.1&#8243; _module_preset=&#8221;default&#8221; global_colors_info=&#8221;{}&#8221;][et_pb_row _builder_version=&#8221;4.15.1&#8243; _module_preset=&#8221;default&#8221; global_colors_info=&#8221;{}&#8221;][et_pb_column type=&#8221;4_4&#8243; _builder_version=&#8221;4.15.1&#8243; _module_preset=&#8221;default&#8221; global_colors_info=&#8221;{}&#8221;][et_pb_image src=&#8221;https:\/\/krankenversicherung-schweiz.ch\/wp-content\/uploads\/2022\/03\/POR-Kundenbewertungen-Banner-1.png&#8221; title_text=&#8221;POR-Kundenbewertungen-Banner&#8221; _builder_version=&#8221;4.15.1&#8243; _module_preset=&#8221;default&#8221; width=&#8221;75%&#8221; module_alignment=&#8221;center&#8221; custom_margin=&#8221;-100px||||false|false&#8221; custom_margin_tablet=&#8221;-100px||||false|false&#8221; custom_margin_phone=&#8221;-50px||||false|false&#8221; custom_margin_last_edited=&#8221;on|phone&#8221; hover_enabled=&#8221;0&#8243; global_colors_info=&#8221;{}&#8221; sticky_enabled=&#8221;0&#8243;][\/et_pb_image][\/et_pb_column][\/et_pb_row][et_pb_row _builder_version=&#8221;4.15.1&#8243; _module_preset=&#8221;default&#8221; global_colors_info=&#8221;{}&#8221;][et_pb_column type=&#8221;4_4&#8243; _builder_version=&#8221;4.15.1&#8243; _module_preset=&#8221;default&#8221; global_colors_info=&#8221;{}&#8221;][et_pb_text _builder_version=&#8221;4.15.1&#8243; _module_preset=&#8221;default&#8221; global_colors_info=&#8221;{}&#8221;]<\/p>\n<h1 style=\"text-align: center;\"><strong>Protec\u00e7\u00e3o de dados<\/strong><\/h1>\n<p>[\/et_pb_text][\/et_pb_column][\/et_pb_row][et_pb_row _builder_version=&#8221;4.15.1&#8243; _module_preset=&#8221;default&#8221; global_colors_info=&#8221;{}&#8221;][et_pb_column type=&#8221;4_4&#8243; _builder_version=&#8221;4.15.1&#8243; _module_preset=&#8221;default&#8221; global_colors_info=&#8221;{}&#8221;][et_pb_text _builder_version=&#8221;4.15.1&#8243; _module_preset=&#8221;default&#8221; global_colors_info=&#8221;{}&#8221;]<\/p>\n<p><strong>I. Nome e endere\u00e7o do respons\u00e1vel<\/strong><\/p>\n<p>A FP Finanzpartner Schweiz GmbH \u00e9 respons\u00e1vel pelo processamento dos seus dados pessoais.<\/p>\n<p>Dados de contato da empresa:<\/p>\n<p>FP Finanzpartner Schweiz GmbH<br \/>Churerstrasse 35<br \/>CH-9470 BuchsSG<br \/>081 515 27 00<br \/>info@finanzpartner.ch<\/p>\n<p>Dados de contacto do respons\u00e1vel pela prote\u00e7\u00e3o de dados:<\/p>\n<p>FP Finanzpartner Schweiz GmbH<br \/>Churerstrasse 35<br \/>CH-9470 BuchsSG<br \/>081 515 27 00<br \/>info@finanzpartner.ch<\/p>\n<p><strong>II. Informa\u00e7\u00f5es gerais sobre processamento de dados<\/strong><\/p>\n<p>Escopo do processamento de dados pessoais<\/p>\n<p>Nosso processamento dos dados pessoais de nossos usu\u00e1rios \u00e9 limitado aos dados necess\u00e1rios para fornecer um site funcional e nosso conte\u00fado e servi\u00e7os. Os dados pessoais dos nossos utilizadores s\u00e3o tratados apenas para as finalidades acordadas com os mesmos ou se existir outra base legal (no sentido do RGPD). Apenas s\u00e3o recolhidos os dados pessoais que sejam realmente necess\u00e1rios para a implementa\u00e7\u00e3o e processamento das nossas tarefas e servi\u00e7os ou que nos tenha disponibilizado voluntariamente.<\/p>\n<p>Seus direitos (direitos do titular dos dados)<\/p>\n<p>Voc\u00ea tem o direito de solicitar informa\u00e7\u00f5es sobre seus dados pessoais processados \u200b\u200bpor n\u00f3s. Em particular, voc\u00ea pode obter informa\u00e7\u00f5es sobre as finalidades do processamento, as categorias de dados pessoais, as categorias de destinat\u00e1rios a quem seus dados foram ou ser\u00e3o divulgados, o per\u00edodo de armazenamento planejado, a exist\u00eancia de um direito de corre\u00e7\u00e3o, exclus\u00e3o, restri\u00e7\u00e3o de processamento ou obje\u00e7\u00e3o, transfer\u00eancia de dados\u2081, a origem de seus dados, se eles n\u00e3o foram coletados de n\u00f3s, e sobre a exist\u00eancia de tomadas de decis\u00e3o automatizadas, incluindo cria\u00e7\u00e3o de perfis.<\/p>\n<p>Voc\u00ea tamb\u00e9m tem o direito de revogar qualquer consentimento que possa ter dado ao uso de seus dados pessoais a qualquer momento.<\/p>\n<p>Se voc\u00ea acredita que o processamento de seus dados pessoais por n\u00f3s contradiz os regulamentos de prote\u00e7\u00e3o de dados aplic\u00e1veis, voc\u00ea tem a op\u00e7\u00e3o de reclamar ao escrit\u00f3rio de prote\u00e7\u00e3o de dados.<\/p>\n<p>\u2081Desde que a transfer\u00eancia de dados n\u00e3o envolva esfor\u00e7o desproporcional.<\/p>\n<p><strong>III. Descri\u00e7\u00e3o e escopo do processamento de dados<\/strong><\/p>\n<p>Disponibiliza\u00e7\u00e3o do site<\/p>\n<p>N\u00e3o realizamos nossa pr\u00f3pria an\u00e1lise da web em nosso site e n\u00e3o usamos nenhuma ferramenta de an\u00e1lise da web (como o Google Analytics). Assim, n\u00e3o h\u00e1 avalia\u00e7\u00e3o dos dados de uso e visitante mencionados anteriormente.<\/p>\n<p>Cada vez que nosso site \u00e9 acessado, nosso sistema coleta automaticamente dados e informa\u00e7\u00f5es do sistema de computador do computador que acessa.<\/p>\n<p>Os seguintes dados s\u00e3o coletados aqui:<\/p>\n<p>Informa\u00e7\u00f5es sobre o tipo de navegador e a vers\u00e3o usada<br \/>O sistema operacional do usu\u00e1rio<br \/>O provedor de servi\u00e7os de Internet do usu\u00e1rio<br \/>O endere\u00e7o IP do usu\u00e1rio<br \/>Data e hora de acesso<br \/>P\u00e1ginas da Internet a partir das quais o sistema do usu\u00e1rio acessa nosso site<br \/>O armazenamento ocorre por motivos de seguran\u00e7a dos dados, a fim de garantir a estabilidade e seguran\u00e7a operacional do nosso sistema.<\/p>\n<p>N\u00e3o realizamos nossa pr\u00f3pria an\u00e1lise da web em nosso site e n\u00e3o usamos nenhuma ferramenta de an\u00e1lise da web (como o Google Analytics). Assim, n\u00e3o h\u00e1 avalia\u00e7\u00e3o dos dados de uso e visitante mencionados anteriormente.<\/p>\n<p>biscoitos<\/p>\n<p>Usamos cookies em nosso site para tornar nossa oferta amig\u00e1vel. Cookies s\u00e3o pequenos arquivos que seu navegador cria automaticamente e que s\u00e3o armazenados em seu dispositivo final (laptop, tablet, smartphone, etc.) quando voc\u00ea visita nosso site. Os cookies permanecem armazenados at\u00e9 que voc\u00ea os exclua. Isso nos permite reconhecer seu navegador novamente em sua pr\u00f3xima visita.<\/p>\n<p>Se voc\u00ea n\u00e3o quiser isso, voc\u00ea pode configurar seu navegador para que ele o informe sobre a configura\u00e7\u00e3o de cookies e voc\u00ea os permita em casos individuais. No entanto, gostar\u00edamos de salientar que a desativa\u00e7\u00e3o significa que voc\u00ea n\u00e3o pode usar todas as fun\u00e7\u00f5es do nosso site.<\/p>\n<p>A base legal para os dados processados \u200b\u200bpor cookies \u00e9 o Artigo 6 Par\u00e1grafo 1 Frase 1 lit.f GDPR.<\/p>\n<p>Os cookies permanecem v\u00e1lidos por 180 dias e s\u00e3o exclu\u00eddos pelo seu navegador.<\/p>\n<p>Formul\u00e1rio de Contato<\/p>\n<p>Se preencher um formul\u00e1rio de contacto ou nos enviar um e-mail ou outra mensagem eletr\u00f3nica, os seus dados apenas ser\u00e3o guardados para o processamento do pedido, quaisquer outras quest\u00f5es relacionadas com o mesmo, e utilizados apenas no \u00e2mbito do pedido.<\/p>\n<p>A base legal para o processamento do seu pedido \u00e9 o Artigo 6 (1) senten\u00e7a 1 lit. b GDPR. Excluiremos seu endere\u00e7o de e-mail depois que sua solicita\u00e7\u00e3o for processada.<\/p>\n<p>seguran\u00e7a de dados<\/p>\n<p>Na visita ao site, usamos o procedimento SSL generalizado em conex\u00e3o com o mais alto n\u00edvel de criptografia suportado pelo seu navegador. Voc\u00ea reconhece se uma \u00fanica p\u00e1gina do nosso site \u00e9 transmitida de forma criptografada<\/p>\n<p>a representa\u00e7\u00e3o fechada da chave ou s\u00edmbolo de cadeado na barra de endere\u00e7os do seu navegador.<\/p>\n<p>Al\u00e9m disso, usamos outras medidas de seguran\u00e7a t\u00e9cnicas e organizacionais adequadas para proteger seus dados contra manipula\u00e7\u00e3o acidental ou intencional, perda parcial ou total, destrui\u00e7\u00e3o ou contra acesso n\u00e3o autorizado por terceiros. Nossas medidas de seguran\u00e7a s\u00e3o continuamente aprimoradas de acordo com os desenvolvimentos tecnol\u00f3gicos.<\/p>\n<p>2. Ferramentas do Google<\/p>\n<p>Este site usa a ferramenta Google Recaptcha e o Google Analytics. Voc\u00ea encontrar\u00e1 mais informa\u00e7\u00f5es aqui:<\/p>\n<p>Definir as diretrizes de privacidade e prote\u00e7\u00e3o de dados do Google.<\/p>\n<p>[\/et_pb_text][\/et_pb_column][\/et_pb_row][et_pb_row _builder_version=&#8221;4.15.1&#8243; _module_preset=&#8221;default&#8221; global_colors_info=&#8221;{}&#8221;][et_pb_column type=&#8221;4_4&#8243; _builder_version=&#8221;4.15.1&#8243; _module_preset=&#8221;default&#8221; global_colors_info=&#8221;{}&#8221;][et_pb_button button_url=&#8221;https:\/\/krankenversicherung-schweiz.ch\/pt-pt\/&#8221; button_text=&#8221;Voltar \u00e0 p\u00e1gina inicial&#8221; button_alignment=&#8221;center&#8221; _builder_version=&#8221;4.15.1&#8243; _module_preset=&#8221;default&#8221; custom_button=&#8221;on&#8221; button_text_color=&#8221;#FFFFFF&#8221; button_bg_color=&#8221;gcid-5ac03900-624e-4d2a-a340-d7a2c39a9a64&#8243; button_border_width=&#8221;0px&#8221; button_border_radius=&#8221;10px&#8221; global_colors_info=&#8221;{%22gcid-5ac03900-624e-4d2a-a340-d7a2c39a9a64%22:%91%22button_bg_color%22%93}&#8221;][\/et_pb_button][\/et_pb_column][\/et_pb_row][\/et_pb_section][et_pb_section fb_built=&#8221;1&#8243; _builder_version=&#8221;4.15.1&#8243; _module_preset=&#8221;default&#8221; global_module=&#8221;930&#8243; global_colors_info=&#8221;{}&#8221;][et_pb_row column_structure=&#8221;1_3,1_3,1_3&#8243; _builder_version=&#8221;4.15.1&#8243; _module_preset=&#8221;default&#8221; global_colors_info=&#8221;{}&#8221;][et_pb_column type=&#8221;1_3&#8243; _builder_version=&#8221;4.15.1&#8243; _module_preset=&#8221;default&#8221; global_colors_info=&#8221;{}&#8221;][et_pb_text _builder_version=&#8221;4.15.1&#8243; _module_preset=&#8221;default&#8221; link_text_color=&#8221;#000000&#8243; link_line_height=&#8221;0em&#8221; header_5_text_color=&#8221;gcid-5ac03900-624e-4d2a-a340-d7a2c39a9a64&#8243; global_colors_info=&#8221;{%22gcid-5ac03900-624e-4d2a-a340-d7a2c39a9a64%22:%91%22header_5_text_color%22%93}&#8221;]<\/p>\n<h5 style=\"text-align: center;\">Legal<\/h5>\n<p><center><a href=\"https:\/\/krankenversicherung-schweiz.ch\/pt-pt\/impressum\/\">Impressum<\/a><\/center><center><a href=\"https:\/\/krankenversicherung-schweiz.ch\/pt-pt\/datenschutz\/\">Protec\u00e7\u00e3o de dados<\/a><\/center>[\/et_pb_text][\/et_pb_column][et_pb_column type=&#8221;1_3&#8243; _builder_version=&#8221;4.15.1&#8243; _module_preset=&#8221;default&#8221; global_colors_info=&#8221;{}&#8221;][\/et_pb_column][et_pb_column type=&#8221;1_3&#8243; _builder_version=&#8221;4.15.1&#8243; _module_preset=&#8221;default&#8221; global_colors_info=&#8221;{}&#8221;][et_pb_text _builder_version=&#8221;4.15.1&#8243; _module_preset=&#8221;default&#8221; link_text_color=&#8221;#000000&#8243; link_line_height=&#8221;0em&#8221; header_5_text_color=&#8221;gcid-5ac03900-624e-4d2a-a340-d7a2c39a9a64&#8243; global_colors_info=&#8221;{%22gcid-5ac03900-624e-4d2a-a340-d7a2c39a9a64%22:%91%22header_5_text_color%22%93}&#8221;]<\/p>\n<h5 style=\"text-align: center;\">Meios de comunica\u00e7\u00e3o social<\/h5>\n<p><center><a href=\"https:\/\/www.facebook.com\/finanzpartnerschweiz\/\">Facebook<\/a><\/center><center><a href=\"https:\/\/instagram.com\/fp_finanzpartner\">Instagram<\/a><\/center>[\/et_pb_text][\/et_pb_column][\/et_pb_row][et_pb_row _builder_version=&#8221;4.15.1&#8243; _module_preset=&#8221;default&#8221; global_colors_info=&#8221;{}&#8221;][et_pb_column type=&#8221;4_4&#8243; _builder_version=&#8221;4.15.1&#8243; _module_preset=&#8221;default&#8221; global_colors_info=&#8221;{}&#8221;][et_pb_text content_tablet=&#8221;&#8221; content_phone=&#8221;&#8221; content_last_edited=&#8221;on|phone&#8221; _builder_version=&#8221;4.15.1&#8243; _module_preset=&#8221;default&#8221; text_text_color=&#8221;#000000&#8243; link_text_color=&#8221;#000000&#8243; global_colors_info=&#8221;{}&#8221;]<\/p>\n<p style=\"text-align: center;\"><span>\u00a9 2022 krankenversicherung-schweiz.ch&nbsp;designed by &nbsp;<\/span><a href=\"https:\/\/www.rodriguesconsulting.ch\/\">Rodrigues Consulting GmbH<\/a><\/p>\n<p>[\/et_pb_text][\/et_pb_column][\/et_pb_row][\/et_pb_section]<\/p>\n","protected":false},"excerpt":{"rendered":"<p>Protec\u00e7\u00e3o de dadosI. Nome e endere\u00e7o do respons\u00e1vel A FP Finanzpartner Schweiz GmbH \u00e9 respons\u00e1vel pelo processamento dos seus dados pessoais. Dados de contato da empresa: FP Finanzpartner Schweiz GmbHChurerstrasse 35CH-9470 BuchsSG081 515 27 00info@finanzpartner.ch Dados de contacto do respons\u00e1vel pela prote\u00e7\u00e3o de dados: FP Finanzpartner Schweiz GmbHChurerstrasse 35CH-9470 BuchsSG081 515 27 00info@finanzpartner.ch II. Informa\u00e7\u00f5es [&hellip;]<\/p>\n","protected":false},"author":1,"featured_media":0,"parent":0,"menu_order":0,"comment_status":"closed","ping_status":"closed","template":"page-template-blank.php","meta":{"_et_pb_use_builder":"on","_et_pb_old_content":"","_et_gb_content_width":"","footnotes":""},"class_list":["post-956","page","type-page","status-publish","hentry"],"_links":{"self":[{"href":"https:\/\/krankenversicherung-schweiz.ch\/pt-pt\/wp-json\/wp\/v2\/pages\/956","targetHints":{"allow":["GET"]}}],"collection":[{"href":"https:\/\/krankenversicherung-schweiz.ch\/pt-pt\/wp-json\/wp\/v2\/pages"}],"about":[{"href":"https:\/\/krankenversicherung-schweiz.ch\/pt-pt\/wp-json\/wp\/v2\/types\/page"}],"author":[{"embeddable":true,"href":"https:\/\/krankenversicherung-schweiz.ch\/pt-pt\/wp-json\/wp\/v2\/users\/1"}],"replies":[{"embeddable":true,"href":"https:\/\/krankenversicherung-schweiz.ch\/pt-pt\/wp-json\/wp\/v2\/comments?post=956"}],"version-history":[{"count":5,"href":"https:\/\/krankenversicherung-schweiz.ch\/pt-pt\/wp-json\/wp\/v2\/pages\/956\/revisions"}],"predecessor-version":[{"id":1126,"href":"https:\/\/krankenversicherung-schweiz.ch\/pt-pt\/wp-json\/wp\/v2\/pages\/956\/revisions\/1126"}],"wp:attachment":[{"href":"https:\/\/krankenversicherung-schweiz.ch\/pt-pt\/wp-json\/wp\/v2\/media?parent=956"}],"curies":[{"name":"wp","href":"https:\/\/api.w.org\/{rel}","templated":true}]}}