{"id":968,"date":"2022-03-24T10:37:15","date_gmt":"2022-03-24T10:37:15","guid":{"rendered":"https:\/\/krankenversicherung-schweiz.ch\/?page_id=968"},"modified":"2022-03-28T09:21:02","modified_gmt":"2022-03-28T09:21:02","slug":"vergleich","status":"publish","type":"page","link":"https:\/\/krankenversicherung-schweiz.ch\/es\/vergleich\/","title":{"rendered":"Vergleich"},"content":{"rendered":"<p>[et_pb_section fb_built=\u00bb1&#8243; _builder_version=\u00bb4.15.1&#8243; _module_preset=\u00bbdefault\u00bb custom_padding=\u00bb||2px|||\u00bb global_colors_info=\u00bb{}\u00bb][et_pb_row _builder_version=\u00bb4.15.1&#8243; _module_preset=\u00bbdefault\u00bb global_colors_info=\u00bb{}\u00bb][et_pb_column type=\u00bb4_4&#8243; _builder_version=\u00bb4.15.1&#8243; _module_preset=\u00bbdefault\u00bb global_colors_info=\u00bb{}\u00bb][et_pb_image src=\u00bbhttps:\/\/krankenversicherung-schweiz.ch\/wp-content\/uploads\/2022\/03\/SPA-Kundenbewertungen-Banner-1.png\u00bb title_text=\u00bbSPA-Kundenbewertungen-Banner\u00bb _builder_version=\u00bb4.15.1&#8243; _module_preset=\u00bbdefault\u00bb width=\u00bb76%\u00bb width_tablet=\u00bb100%\u00bb width_phone=\u00bb100%\u00bb width_last_edited=\u00bbon|tablet\u00bb module_alignment=\u00bbcenter\u00bb custom_margin=\u00bb-100px||-50px||false|false\u00bb custom_margin_tablet=\u00bb-100px||-50px||false|false\u00bb custom_margin_phone=\u00bb-80px||||false|false\u00bb custom_margin_last_edited=\u00bbon|phone\u00bb hover_enabled=\u00bb0&#8243; global_colors_info=\u00bb{}\u00bb sticky_enabled=\u00bb0&#8243;][\/et_pb_image][\/et_pb_column][\/et_pb_row][et_pb_row _builder_version=\u00bb4.15.1&#8243; _module_preset=\u00bbdefault\u00bb width=\u00bb100%\u00bb max_width=\u00bb2560px\u00bb custom_margin_tablet=\u00bb\u00bb custom_margin_phone=\u00bb-80px||||false|false\u00bb custom_margin_last_edited=\u00bbon|phone\u00bb global_colors_info=\u00bb{}\u00bb][et_pb_column type=\u00bb4_4&#8243; _builder_version=\u00bb4.15.1&#8243; _module_preset=\u00bbdefault\u00bb global_colors_info=\u00bb{}\u00bb][et_pb_text _builder_version=\u00bb4.15.1&#8243; _module_preset=\u00bbdefault\u00bb text_text_color=\u00bb#FFFFFF\u00bb background_color=\u00bbgcid-5ac03900-624e-4d2a-a340-d7a2c39a9a64&#8243; width=\u00bb100%\u00bb max_width=\u00bb100%\u00bb min_height=\u00bb18.8px\u00bb global_colors_info=\u00bb{%22gcid-5ac03900-624e-4d2a-a340-d7a2c39a9a64%22:%91%22background_color%22%93}\u00bb]<\/p>\n<p style=\"text-align: center;\"><strong>Ahora ahorre hasta CHF 3357 al a\u00f1o<\/strong><\/p>\n<p>[\/et_pb_text][\/et_pb_column][\/et_pb_row][\/et_pb_section][et_pb_section fb_built=\u00bb1&#8243; _builder_version=\u00bb4.15.1&#8243; _module_preset=\u00bbdefault\u00bb custom_padding=\u00bb||54px|||\u00bb global_colors_info=\u00bb{}\u00bb][et_pb_row _builder_version=\u00bb4.15.1&#8243; _module_preset=\u00bbdefault\u00bb global_colors_info=\u00bb{}\u00bb][et_pb_column type=\u00bb4_4&#8243; _builder_version=\u00bb4.15.1&#8243; _module_preset=\u00bbdefault\u00bb global_colors_info=\u00bb{}\u00bb][et_pb_text _builder_version=\u00bb4.15.1&#8243; _module_preset=\u00bbdefault\u00bb header_2_text_color=\u00bbgcid-5ac03900-624e-4d2a-a340-d7a2c39a9a64&#8243; custom_margin_tablet=\u00bb\u00bb custom_margin_phone=\u00bb-80px||||false|false\u00bb custom_margin_last_edited=\u00bbon|phone\u00bb global_colors_info=\u00bb{%22gcid-5ac03900-624e-4d2a-a340-d7a2c39a9a64%22:%91%22header_2_text_color%22%93}\u00bb]<\/p>\n<h2 style=\"text-align: center;\"><strong>En solo unos pocos pasos a su nueva compa\u00f1\u00eda de seguros de salud<\/strong><\/h2>\n<p>[\/et_pb_text][\/et_pb_column][\/et_pb_row][et_pb_row _builder_version=\u00bb4.15.1&#8243; _module_preset=\u00bbdefault\u00bb global_colors_info=\u00bb{}\u00bb][et_pb_column type=\u00bb4_4&#8243; _builder_version=\u00bb4.15.1&#8243; _module_preset=\u00bbdefault\u00bb global_colors_info=\u00bb{}\u00bb][et_pb_text _builder_version=\u00bb4.15.1&#8243; _module_preset=\u00bbdefault\u00bb custom_margin=\u00bb||||false|false\u00bb custom_margin_tablet=\u00bb||||false|false\u00bb custom_margin_phone=\u00bb-50px||||false|false\u00bb custom_margin_last_edited=\u00bbon|phone\u00bb global_colors_info=\u00bb{}\u00bb]<\/p>\n<div data-paperform-id=\"utv69jlx\"><\/div>\n<p>\n<script>(function() {var script = document.createElement('script'); script.src = \"https:\/\/paperform.co\/__embed.min.js\"; document.body.appendChild(script); })()<\/script>\n<\/p>\n<p>[\/et_pb_text][\/et_pb_column][\/et_pb_row][\/et_pb_section][et_pb_section fb_built=\u00bb1&#8243; _builder_version=\u00bb4.15.1&#8243; _module_preset=\u00bbdefault\u00bb global_module=\u00bb941&#8243; global_colors_info=\u00bb{}\u00bb][et_pb_row column_structure=\u00bb1_3,1_3,1_3&#8243; _builder_version=\u00bb4.15.1&#8243; _module_preset=\u00bbdefault\u00bb global_colors_info=\u00bb{}\u00bb][et_pb_column type=\u00bb1_3&#8243; _builder_version=\u00bb4.15.1&#8243; _module_preset=\u00bbdefault\u00bb global_colors_info=\u00bb{}\u00bb][et_pb_text _builder_version=\u00bb4.15.1&#8243; _module_preset=\u00bbdefault\u00bb link_text_color=\u00bb#000000&#8243; link_line_height=\u00bb0em\u00bb header_5_text_color=\u00bbgcid-5ac03900-624e-4d2a-a340-d7a2c39a9a64&#8243; global_colors_info=\u00bb{%22gcid-5ac03900-624e-4d2a-a340-d7a2c39a9a64%22:%91%22header_5_text_color%22%93}\u00bb]<\/p>\n<h5 style=\"text-align: center;\">Legal<\/h5>\n<p><center><a href=\"https:\/\/krankenversicherung-schweiz.ch\/es\/impressum\/\">Pie de imprenta<\/a><\/center><center><a href=\"https:\/\/krankenversicherung-schweiz.ch\/es\/datenschutz\/\">Protecci\u00f3n de datos<\/a><\/center>[\/et_pb_text][\/et_pb_column][et_pb_column type=\u00bb1_3&#8243; _builder_version=\u00bb4.15.1&#8243; _module_preset=\u00bbdefault\u00bb global_colors_info=\u00bb{}\u00bb][\/et_pb_column][et_pb_column type=\u00bb1_3&#8243; _builder_version=\u00bb4.15.1&#8243; _module_preset=\u00bbdefault\u00bb global_colors_info=\u00bb{}\u00bb][et_pb_text _builder_version=\u00bb4.15.1&#8243; _module_preset=\u00bbdefault\u00bb link_text_color=\u00bb#000000&#8243; link_line_height=\u00bb0em\u00bb header_5_text_color=\u00bbgcid-5ac03900-624e-4d2a-a340-d7a2c39a9a64&#8243; global_colors_info=\u00bb{%22gcid-5ac03900-624e-4d2a-a340-d7a2c39a9a64%22:%91%22header_5_text_color%22%93}\u00bb]<\/p>\n<h5 style=\"text-align: center;\">Medios de comunicaci\u00f3n social<\/h5>\n<p><center><a href=\"https:\/\/www.facebook.com\/finanzpartnerschweiz\/\">Facebook<\/a><\/center><center><a href=\"https:\/\/instagram.com\/fp_finanzpartner\">Instagram<\/a><\/center>[\/et_pb_text][\/et_pb_column][\/et_pb_row][et_pb_row _builder_version=\u00bb4.15.1&#8243; _module_preset=\u00bbdefault\u00bb global_colors_info=\u00bb{}\u00bb][et_pb_column type=\u00bb4_4&#8243; _builder_version=\u00bb4.15.1&#8243; _module_preset=\u00bbdefault\u00bb global_colors_info=\u00bb{}\u00bb][et_pb_text content_tablet=\u00bb\u00bb content_phone=\u00bb\u00bb content_last_edited=\u00bbon|phone\u00bb _builder_version=\u00bb4.15.1&#8243; _module_preset=\u00bbdefault\u00bb text_text_color=\u00bb#000000&#8243; link_text_color=\u00bb#000000&#8243; global_colors_info=\u00bb{}\u00bb]<\/p>\n<p style=\"text-align: center;\"><span>\u00a9 2022 krankenversicherung-schweiz.ch&nbsp;designed by &nbsp;<\/span><a href=\"https:\/\/www.rodriguesconsulting.ch\/\">Rodrigues Consulting GmbH<\/a><\/p>\n<p>[\/et_pb_text][\/et_pb_column][\/et_pb_row][\/et_pb_section]<\/p>\n","protected":false},"excerpt":{"rendered":"<p>Ahora ahorre hasta CHF 3357 al a\u00f1oEn solo unos pocos pasos a su nueva compa\u00f1\u00eda de seguros de salud Legal Pie de imprentaProtecci\u00f3n de datosMedios de comunicaci\u00f3n social FacebookInstagram\u00a9 2022 krankenversicherung-schweiz.ch&nbsp;designed by &nbsp;Rodrigues Consulting GmbH<\/p>\n","protected":false},"author":1,"featured_media":0,"parent":0,"menu_order":0,"comment_status":"closed","ping_status":"closed","template":"page-template-blank.php","meta":{"_et_pb_use_builder":"on","_et_pb_old_content":"","_et_gb_content_width":"","footnotes":""},"class_list":["post-968","page","type-page","status-publish","hentry"],"_links":{"self":[{"href":"https:\/\/krankenversicherung-schweiz.ch\/es\/wp-json\/wp\/v2\/pages\/968","targetHints":{"allow":["GET"]}}],"collection":[{"href":"https:\/\/krankenversicherung-schweiz.ch\/es\/wp-json\/wp\/v2\/pages"}],"about":[{"href":"https:\/\/krankenversicherung-schweiz.ch\/es\/wp-json\/wp\/v2\/types\/page"}],"author":[{"embeddable":true,"href":"https:\/\/krankenversicherung-schweiz.ch\/es\/wp-json\/wp\/v2\/users\/1"}],"replies":[{"embeddable":true,"href":"https:\/\/krankenversicherung-schweiz.ch\/es\/wp-json\/wp\/v2\/comments?post=968"}],"version-history":[{"count":4,"href":"https:\/\/krankenversicherung-schweiz.ch\/es\/wp-json\/wp\/v2\/pages\/968\/revisions"}],"predecessor-version":[{"id":1128,"href":"https:\/\/krankenversicherung-schweiz.ch\/es\/wp-json\/wp\/v2\/pages\/968\/revisions\/1128"}],"wp:attachment":[{"href":"https:\/\/krankenversicherung-schweiz.ch\/es\/wp-json\/wp\/v2\/media?parent=968"}],"curies":[{"name":"wp","href":"https:\/\/api.w.org\/{rel}","templated":true}]}}