{"id":959,"date":"2022-03-24T10:22:19","date_gmt":"2022-03-24T10:22:19","guid":{"rendered":"https:\/\/krankenversicherung-schweiz.ch\/?page_id=959"},"modified":"2022-03-28T09:20:37","modified_gmt":"2022-03-28T09:20:37","slug":"datenschutz","status":"publish","type":"page","link":"https:\/\/krankenversicherung-schweiz.ch\/es\/datenschutz\/","title":{"rendered":"Datenschutz"},"content":{"rendered":"<p>[et_pb_section fb_built=\u00bb1&#8243; _builder_version=\u00bb4.15.1&#8243; _module_preset=\u00bbdefault\u00bb global_colors_info=\u00bb{}\u00bb][et_pb_row _builder_version=\u00bb4.15.1&#8243; _module_preset=\u00bbdefault\u00bb global_colors_info=\u00bb{}\u00bb][et_pb_column type=\u00bb4_4&#8243; _builder_version=\u00bb4.15.1&#8243; _module_preset=\u00bbdefault\u00bb global_colors_info=\u00bb{}\u00bb][et_pb_image src=\u00bbhttps:\/\/krankenversicherung-schweiz.ch\/wp-content\/uploads\/2022\/03\/SPA-Kundenbewertungen-Banner-1.png\u00bb title_text=\u00bbSPA-Kundenbewertungen-Banner\u00bb _builder_version=\u00bb4.15.1&#8243; _module_preset=\u00bbdefault\u00bb width=\u00bb75%\u00bb module_alignment=\u00bbcenter\u00bb custom_margin=\u00bb-100px||||false|false\u00bb custom_margin_tablet=\u00bb-100px||||false|false\u00bb custom_margin_phone=\u00bb-50px||||false|false\u00bb custom_margin_last_edited=\u00bbon|phone\u00bb hover_enabled=\u00bb0&#8243; global_colors_info=\u00bb{}\u00bb sticky_enabled=\u00bb0&#8243;][\/et_pb_image][\/et_pb_column][\/et_pb_row][et_pb_row _builder_version=\u00bb4.15.1&#8243; _module_preset=\u00bbdefault\u00bb global_colors_info=\u00bb{}\u00bb][et_pb_column type=\u00bb4_4&#8243; _builder_version=\u00bb4.15.1&#8243; _module_preset=\u00bbdefault\u00bb global_colors_info=\u00bb{}\u00bb][et_pb_text _builder_version=\u00bb4.15.1&#8243; _module_preset=\u00bbdefault\u00bb global_colors_info=\u00bb{}\u00bb]<\/p>\n<h1 style=\"text-align: center;\">Datenschutz<\/h1>\n<p>[\/et_pb_text][\/et_pb_column][\/et_pb_row][et_pb_row _builder_version=\u00bb4.15.1&#8243; _module_preset=\u00bbdefault\u00bb global_colors_info=\u00bb{}\u00bb][et_pb_column type=\u00bb4_4&#8243; _builder_version=\u00bb4.15.1&#8243; _module_preset=\u00bbdefault\u00bb global_colors_info=\u00bb{}\u00bb][et_pb_text _builder_version=\u00bb4.15.1&#8243; _module_preset=\u00bbdefault\u00bb global_colors_info=\u00bb{}\u00bb]<\/p>\n<p><strong>I. Nombre y domicilio del responsable<\/strong><\/p>\n<p>FP Finanzpartner Schweiz GmbH es responsable del procesamiento de sus datos personales.<\/p>\n<p>Datos de contacto de la empresa:<\/p>\n<p>FP Finanzpartner Schweiz GmbH<br \/>Churerstrasse 35<br \/>CH-9470 Buchs SG<br \/>081 515 27 00<br \/>info@finanzpartner.ch<\/p>\n<p>Datos de contacto del delegado de protecci\u00f3n de datos:<\/p>\n<p>FP Finanzpartner Schweiz GmbH<br \/>Churerstrasse 35<br \/>CH-9470 Buchs SG<br \/>081 515 27 00<br \/>info@finanzpartner.ch<\/p>\n<p><strong>II. Informaci\u00f3n general sobre el tratamiento de datos<\/strong><\/p>\n<p>Alcance del procesamiento de datos personales<\/p>\n<p>Nuestro procesamiento de los datos personales de nuestros usuarios se limita a los datos necesarios para proporcionar un sitio web que funcione y nuestro contenido y servicios. Los datos personales de nuestros usuarios solo se procesan para los fines acordados con ellos o si existe otra base legal (en el sentido del RGPD). Solo se recopilan los datos personales que son realmente necesarios para la implementaci\u00f3n y el procesamiento de nuestras tareas y servicios o que usted ha puesto a nuestra disposici\u00f3n voluntariamente.<\/p>\n<p>Sus derechos (derechos de los interesados)<\/p>\n<p>Tiene derecho a solicitar informaci\u00f3n sobre sus datos personales procesados \u200b\u200bpor nosotros. En particular, puede obtener informaci\u00f3n sobre los fines del tratamiento, las categor\u00edas de datos personales, las categor\u00edas de destinatarios a los que se han comunicado o se comunicar\u00e1n sus datos, el plazo de conservaci\u00f3n previsto, la existencia de un derecho de rectificaci\u00f3n, supresi\u00f3n, limitaci\u00f3n de procesamiento u objeci\u00f3n, transferencia de datos\u2081, el origen de sus datos, si no fueron recopilados por nosotros, y sobre la existencia de una toma de decisiones automatizada, incluida la elaboraci\u00f3n de perfiles.<\/p>\n<p>Tambi\u00e9n tiene derecho a revocar cualquier consentimiento que haya dado para el uso de sus datos personales en cualquier momento.<\/p>\n<p>Si cree que el procesamiento de sus datos personales por nuestra parte contradice las normas de protecci\u00f3n de datos aplicables, tiene la opci\u00f3n de presentar una queja ante la oficina de protecci\u00f3n de datos.<\/p>\n<p>\u2081Siempre que la transferencia de datos no implique un esfuerzo desproporcionado.<\/p>\n<p><strong>III. Tercero Descripci\u00f3n y alcance del tratamiento de datos<\/strong><\/p>\n<p>Provisi\u00f3n del sitio web<\/p>\n<p>No realizamos nuestro propio an\u00e1lisis web en nuestro sitio web y no utilizamos ninguna herramienta de an\u00e1lisis web (como Google Analytics). Por lo tanto, no hay una evaluaci\u00f3n de los datos de uso y visitantes mencionados anteriormente.<\/p>\n<p>Cada vez que se accede a nuestro sitio web, nuestro sistema recopila autom\u00e1ticamente datos e informaci\u00f3n del sistema inform\u00e1tico de la computadora que accede.<\/p>\n<p>Aqu\u00ed se recogen los siguientes datos:<\/p>\n<p>Informaci\u00f3n sobre el tipo de navegador y la versi\u00f3n utilizada<br \/>El sistema operativo del usuario<br \/>El proveedor de servicios de Internet del usuario<br \/>La direcci\u00f3n IP del usuario<br \/>Fecha y hora de acceso<br \/>P\u00e1ginas de Internet desde las que el sistema del usuario accede a nuestro sitio web<br \/>El almacenamiento se realiza por motivos de seguridad de los datos para garantizar la estabilidad y seguridad operativa de nuestro sistema.<\/p>\n<p>No realizamos nuestro propio an\u00e1lisis web en nuestro sitio web y no utilizamos ninguna herramienta de an\u00e1lisis web (como Google Analytics). Por lo tanto, no hay una evaluaci\u00f3n de los datos de uso y visitantes mencionados anteriormente.<\/p>\n<p>galletas<\/p>\n<p>Utilizamos cookies en nuestro sitio web para que nuestra oferta sea f\u00e1cil de usar. Las cookies son peque\u00f1os archivos que su navegador crea autom\u00e1ticamente y que se almacenan en su dispositivo final (port\u00e1til, tableta, tel\u00e9fono inteligente, etc.) cuando visita nuestro sitio. Las cookies permanecen almacenadas hasta que las elimine. Esto nos permite reconocer su navegador nuevamente en su pr\u00f3xima visita.<\/p>\n<p>Si no desea esto, puede configurar su navegador para que le informe sobre la configuraci\u00f3n de cookies y las permita en casos individuales. Sin embargo, nos gustar\u00eda se\u00f1alar que la desactivaci\u00f3n significa que no puede utilizar todas las funciones de nuestro sitio web.<\/p>\n<p>La base legal para los datos procesados \u200b\u200bpor las cookies es el art\u00edculo 6, p\u00e1rrafo 1, frase 1, letra f del RGPD.<\/p>\n<p>Las cookies permanecen v\u00e1lidas durante 180 d\u00edas y luego son eliminadas por su navegador.<\/p>\n<p>Formulario de contacto<\/p>\n<p>Si completa un formulario de contacto o nos env\u00eda un correo electr\u00f3nico u otro mensaje electr\u00f3nico, sus datos solo se guardar\u00e1n para procesar la solicitud, cualquier otra pregunta relacionada con ella, y solo se usar\u00e1n dentro del alcance de la solicitud.<\/p>\n<p>La base legal para procesar su solicitud es el art\u00edculo 6 (1), frase 1, letra b del RGPD. Eliminaremos su direcci\u00f3n de correo electr\u00f3nico despu\u00e9s de que su solicitud haya sido procesada.<\/p>\n<p><strong>1. Seguridad de datos<\/strong><\/p>\n<p>Dentro de la visita al sitio web, utilizamos el procedimiento SSL generalizado en relaci\u00f3n con el nivel m\u00e1s alto de encriptaci\u00f3n compatible con su navegador. Puede saber si una p\u00e1gina individual de nuestro sitio web se transmite de forma encriptada por la representaci\u00f3n cerrada del s\u00edmbolo de llave o candado en la barra de direcciones de su navegador.<\/p>\n<p>Adem\u00e1s, utilizamos otras medidas de seguridad t\u00e9cnicas y organizativas adecuadas para proteger sus datos contra la manipulaci\u00f3n accidental o intencionada, la p\u00e9rdida parcial o total, la destrucci\u00f3n o el acceso no autorizado por parte de terceros. Nuestras medidas de seguridad se mejoran continuamente en l\u00ednea con los avances tecnol\u00f3gicos.<\/p>\n<p><strong>2. Google Tools<\/strong><\/p>\n<p>Este sitio utiliza la herramienta Google Recaptcha y Google Analytics. Encontrar\u00e1s m\u00e1s informaci\u00f3n aqu\u00ed:<\/p>\n<p>Establecimiento de pautas de privacidad y protecci\u00f3n de datos de Google.<\/p>\n<p>&nbsp;<\/p>\n<p>[\/et_pb_text][\/et_pb_column][\/et_pb_row][et_pb_row _builder_version=\u00bb4.15.1&#8243; _module_preset=\u00bbdefault\u00bb global_colors_info=\u00bb{}\u00bb][et_pb_column type=\u00bb4_4&#8243; _builder_version=\u00bb4.15.1&#8243; _module_preset=\u00bbdefault\u00bb global_colors_info=\u00bb{}\u00bb][et_pb_button button_url=\u00bbhttps:\/\/krankenversicherung-schweiz.ch\/es\/\u00bb button_text=\u00bbVolver a la p\u00e1gina de inicio\u00bb button_alignment=\u00bbcenter\u00bb _builder_version=\u00bb4.15.1&#8243; _module_preset=\u00bbdefault\u00bb custom_button=\u00bbon\u00bb button_text_color=\u00bb#FFFFFF\u00bb button_bg_color=\u00bbgcid-5ac03900-624e-4d2a-a340-d7a2c39a9a64&#8243; button_border_width=\u00bb0px\u00bb button_border_radius=\u00bb10px\u00bb global_colors_info=\u00bb{%22gcid-5ac03900-624e-4d2a-a340-d7a2c39a9a64%22:%91%22button_bg_color%22%93}\u00bb][\/et_pb_button][\/et_pb_column][\/et_pb_row][\/et_pb_section][et_pb_section fb_built=\u00bb1&#8243; _builder_version=\u00bb4.15.1&#8243; _module_preset=\u00bbdefault\u00bb global_module=\u00bb941&#8243; global_colors_info=\u00bb{}\u00bb][et_pb_row column_structure=\u00bb1_3,1_3,1_3&#8243; _builder_version=\u00bb4.15.1&#8243; _module_preset=\u00bbdefault\u00bb global_colors_info=\u00bb{}\u00bb][et_pb_column type=\u00bb1_3&#8243; _builder_version=\u00bb4.15.1&#8243; _module_preset=\u00bbdefault\u00bb global_colors_info=\u00bb{}\u00bb][et_pb_text _builder_version=\u00bb4.15.1&#8243; _module_preset=\u00bbdefault\u00bb link_text_color=\u00bb#000000&#8243; link_line_height=\u00bb0em\u00bb header_5_text_color=\u00bbgcid-5ac03900-624e-4d2a-a340-d7a2c39a9a64&#8243; global_colors_info=\u00bb{%22gcid-5ac03900-624e-4d2a-a340-d7a2c39a9a64%22:%91%22header_5_text_color%22%93}\u00bb]<\/p>\n<h5 style=\"text-align: center;\">Legal<\/h5>\n<p><center><a href=\"https:\/\/krankenversicherung-schweiz.ch\/es\/impressum\/\">Pie de imprenta<\/a><\/center><center><a href=\"https:\/\/krankenversicherung-schweiz.ch\/es\/datenschutz\/\">Protecci\u00f3n de datos<\/a><\/center>[\/et_pb_text][\/et_pb_column][et_pb_column type=\u00bb1_3&#8243; _builder_version=\u00bb4.15.1&#8243; _module_preset=\u00bbdefault\u00bb global_colors_info=\u00bb{}\u00bb][\/et_pb_column][et_pb_column type=\u00bb1_3&#8243; _builder_version=\u00bb4.15.1&#8243; _module_preset=\u00bbdefault\u00bb global_colors_info=\u00bb{}\u00bb][et_pb_text _builder_version=\u00bb4.15.1&#8243; _module_preset=\u00bbdefault\u00bb link_text_color=\u00bb#000000&#8243; link_line_height=\u00bb0em\u00bb header_5_text_color=\u00bbgcid-5ac03900-624e-4d2a-a340-d7a2c39a9a64&#8243; global_colors_info=\u00bb{%22gcid-5ac03900-624e-4d2a-a340-d7a2c39a9a64%22:%91%22header_5_text_color%22%93}\u00bb]<\/p>\n<h5 style=\"text-align: center;\">Medios de comunicaci\u00f3n social<\/h5>\n<p><center><a href=\"https:\/\/www.facebook.com\/finanzpartnerschweiz\/\">Facebook<\/a><\/center><center><a href=\"https:\/\/instagram.com\/fp_finanzpartner\">Instagram<\/a><\/center>[\/et_pb_text][\/et_pb_column][\/et_pb_row][et_pb_row _builder_version=\u00bb4.15.1&#8243; _module_preset=\u00bbdefault\u00bb global_colors_info=\u00bb{}\u00bb][et_pb_column type=\u00bb4_4&#8243; _builder_version=\u00bb4.15.1&#8243; _module_preset=\u00bbdefault\u00bb global_colors_info=\u00bb{}\u00bb][et_pb_text content_tablet=\u00bb\u00bb content_phone=\u00bb\u00bb content_last_edited=\u00bbon|phone\u00bb _builder_version=\u00bb4.15.1&#8243; _module_preset=\u00bbdefault\u00bb text_text_color=\u00bb#000000&#8243; link_text_color=\u00bb#000000&#8243; global_colors_info=\u00bb{}\u00bb]<\/p>\n<p style=\"text-align: center;\"><span>\u00a9 2022 krankenversicherung-schweiz.ch&nbsp;designed by &nbsp;<\/span><a href=\"https:\/\/www.rodriguesconsulting.ch\/\">Rodrigues Consulting GmbH<\/a><\/p>\n<p>[\/et_pb_text][\/et_pb_column][\/et_pb_row][\/et_pb_section]<\/p>\n","protected":false},"excerpt":{"rendered":"<p>DatenschutzI. Nombre y domicilio del responsable FP Finanzpartner Schweiz GmbH es responsable del procesamiento de sus datos personales. Datos de contacto de la empresa: FP Finanzpartner Schweiz GmbHChurerstrasse 35CH-9470 Buchs SG081 515 27 00info@finanzpartner.ch Datos de contacto del delegado de protecci\u00f3n de datos: FP Finanzpartner Schweiz GmbHChurerstrasse 35CH-9470 Buchs SG081 515 27 00info@finanzpartner.ch II. Informaci\u00f3n [&hellip;]<\/p>\n","protected":false},"author":1,"featured_media":0,"parent":0,"menu_order":0,"comment_status":"closed","ping_status":"closed","template":"page-template-blank.php","meta":{"_et_pb_use_builder":"on","_et_pb_old_content":"","_et_gb_content_width":"","footnotes":""},"class_list":["post-959","page","type-page","status-publish","hentry"],"_links":{"self":[{"href":"https:\/\/krankenversicherung-schweiz.ch\/es\/wp-json\/wp\/v2\/pages\/959","targetHints":{"allow":["GET"]}}],"collection":[{"href":"https:\/\/krankenversicherung-schweiz.ch\/es\/wp-json\/wp\/v2\/pages"}],"about":[{"href":"https:\/\/krankenversicherung-schweiz.ch\/es\/wp-json\/wp\/v2\/types\/page"}],"author":[{"embeddable":true,"href":"https:\/\/krankenversicherung-schweiz.ch\/es\/wp-json\/wp\/v2\/users\/1"}],"replies":[{"embeddable":true,"href":"https:\/\/krankenversicherung-schweiz.ch\/es\/wp-json\/wp\/v2\/comments?post=959"}],"version-history":[{"count":4,"href":"https:\/\/krankenversicherung-schweiz.ch\/es\/wp-json\/wp\/v2\/pages\/959\/revisions"}],"predecessor-version":[{"id":1127,"href":"https:\/\/krankenversicherung-schweiz.ch\/es\/wp-json\/wp\/v2\/pages\/959\/revisions\/1127"}],"wp:attachment":[{"href":"https:\/\/krankenversicherung-schweiz.ch\/es\/wp-json\/wp\/v2\/media?parent=959"}],"curies":[{"name":"wp","href":"https:\/\/api.w.org\/{rel}","templated":true}]}}