{"id":934,"date":"2022-03-24T10:11:24","date_gmt":"2022-03-24T10:11:24","guid":{"rendered":"https:\/\/krankenversicherung-schweiz.ch\/?page_id=934"},"modified":"2022-03-28T09:18:19","modified_gmt":"2022-03-28T09:18:19","slug":"impressum","status":"publish","type":"page","link":"https:\/\/krankenversicherung-schweiz.ch\/es\/impressum\/","title":{"rendered":"Impressum"},"content":{"rendered":"<p>[et_pb_section fb_built=\u00bb1&#8243; _builder_version=\u00bb4.15.1&#8243; _module_preset=\u00bbdefault\u00bb global_colors_info=\u00bb{}\u00bb][et_pb_row _builder_version=\u00bb4.15.1&#8243; _module_preset=\u00bbdefault\u00bb global_colors_info=\u00bb{}\u00bb][et_pb_column type=\u00bb4_4&#8243; _builder_version=\u00bb4.15.1&#8243; _module_preset=\u00bbdefault\u00bb global_colors_info=\u00bb{}\u00bb][et_pb_image src=\u00bbhttps:\/\/krankenversicherung-schweiz.ch\/wp-content\/uploads\/2022\/03\/SPA-Kundenbewertungen-Banner-1.png\u00bb title_text=\u00bbSPA-Kundenbewertungen-Banner\u00bb _builder_version=\u00bb4.15.1&#8243; _module_preset=\u00bbdefault\u00bb width=\u00bb70%\u00bb module_alignment=\u00bbcenter\u00bb custom_margin=\u00bb-100px||||false|false\u00bb custom_margin_tablet=\u00bb-100px||||false|false\u00bb custom_margin_phone=\u00bb-50px||||false|false\u00bb custom_margin_last_edited=\u00bbon|phone\u00bb hover_enabled=\u00bb0&#8243; global_colors_info=\u00bb{}\u00bb sticky_enabled=\u00bb0&#8243;][\/et_pb_image][\/et_pb_column][\/et_pb_row][et_pb_row _builder_version=\u00bb4.15.1&#8243; _module_preset=\u00bbdefault\u00bb global_colors_info=\u00bb{}\u00bb][et_pb_column type=\u00bb4_4&#8243; _builder_version=\u00bb4.15.1&#8243; _module_preset=\u00bbdefault\u00bb global_colors_info=\u00bb{}\u00bb][et_pb_text _builder_version=\u00bb4.15.1&#8243; _module_preset=\u00bbdefault\u00bb global_colors_info=\u00bb{}\u00bb]<\/p>\n<h1 style=\"text-align: center;\">Pie de imprenta<\/h1>\n<p>[\/et_pb_text][\/et_pb_column][\/et_pb_row][et_pb_row _builder_version=\u00bb4.15.1&#8243; _module_preset=\u00bbdefault\u00bb global_colors_info=\u00bb{}\u00bb][et_pb_column type=\u00bb4_4&#8243; _builder_version=\u00bb4.15.1&#8243; _module_preset=\u00bbdefault\u00bb global_colors_info=\u00bb{}\u00bb][et_pb_text _builder_version=\u00bb4.15.1&#8243; _module_preset=\u00bbdefault\u00bb global_colors_info=\u00bb{}\u00bb]<\/p>\n<h3>Direcci\u00f3n postal<\/h3>\n<p>FP Finanzpartner Schweiz GmbH<br \/>Churerstrasse 35<br \/>9470 Buchs SG<br \/>Schweiz<\/p>\n<p>&nbsp;<\/p>\n<h3>Direcciones de contacto<\/h3>\n<p><span>Tel.\u00a0<a href=\"phone:+081%20515%2027%2000\">081 515 27 00<\/a><br \/>Mail:\u00a0<a href=\"mailto:info@finanzpartner.ch\">info@finanzpartner.ch<\/a><br \/><\/span><\/p>\n<p>Plataforma de la Comisi\u00f3n Europea para la resoluci\u00f3n de conflictos en l\u00ednea: https:\/\/ec.europa.eu\/odr<\/p>\n<p>No estamos obligados ni dispuestos a participar en un procedimiento de resoluci\u00f3n de conflictos ante una junta de arbitraje de consumo.<\/p>\n<p>[\/et_pb_text][\/et_pb_column][\/et_pb_row][\/et_pb_section][et_pb_section fb_built=\u00bb1&#8243; _builder_version=\u00bb4.15.1&#8243; _module_preset=\u00bbdefault\u00bb global_colors_info=\u00bb{}\u00bb][et_pb_row _builder_version=\u00bb4.15.1&#8243; _module_preset=\u00bbdefault\u00bb global_colors_info=\u00bb{}\u00bb][et_pb_column type=\u00bb4_4&#8243; _builder_version=\u00bb4.15.1&#8243; _module_preset=\u00bbdefault\u00bb global_colors_info=\u00bb{}\u00bb][et_pb_button button_url=\u00bbhttps:\/\/krankenversicherung-schweiz.ch\/es\/\u00bb button_text=\u00bbVolver a la p\u00e1gina de inicio\u00bb button_alignment=\u00bbcenter\u00bb _builder_version=\u00bb4.15.1&#8243; _module_preset=\u00bbdefault\u00bb custom_button=\u00bbon\u00bb button_text_color=\u00bb#FFFFFF\u00bb button_bg_color=\u00bbgcid-5ac03900-624e-4d2a-a340-d7a2c39a9a64&#8243; button_border_width=\u00bb0px\u00bb button_border_radius=\u00bb10px\u00bb global_colors_info=\u00bb{%22gcid-5ac03900-624e-4d2a-a340-d7a2c39a9a64%22:%91%22button_bg_color%22%93}\u00bb][\/et_pb_button][\/et_pb_column][\/et_pb_row][\/et_pb_section][et_pb_section fb_built=\u00bb1&#8243; _builder_version=\u00bb4.15.1&#8243; _module_preset=\u00bbdefault\u00bb global_module=\u00bb941&#8243; saved_tabs=\u00bball\u00bb global_colors_info=\u00bb{}\u00bb][et_pb_row column_structure=\u00bb1_3,1_3,1_3&#8243; _builder_version=\u00bb4.15.1&#8243; _module_preset=\u00bbdefault\u00bb global_colors_info=\u00bb{}\u00bb][et_pb_column type=\u00bb1_3&#8243; _builder_version=\u00bb4.15.1&#8243; _module_preset=\u00bbdefault\u00bb global_colors_info=\u00bb{}\u00bb][et_pb_text _builder_version=\u00bb4.15.1&#8243; _module_preset=\u00bbdefault\u00bb link_text_color=\u00bb#000000&#8243; link_line_height=\u00bb0em\u00bb header_5_text_color=\u00bbgcid-5ac03900-624e-4d2a-a340-d7a2c39a9a64&#8243; global_colors_info=\u00bb{%22gcid-5ac03900-624e-4d2a-a340-d7a2c39a9a64%22:%91%22header_5_text_color%22%93}\u00bb]<\/p>\n<h5 style=\"text-align: center;\">Legal<\/h5>\n<p><center><a href=\"https:\/\/krankenversicherung-schweiz.ch\/es\/impressum\/\">Pie de imprenta<\/a><\/center><center><a href=\"https:\/\/krankenversicherung-schweiz.ch\/es\/datenschutz\/\">Protecci\u00f3n de datos<\/a><\/center>[\/et_pb_text][\/et_pb_column][et_pb_column type=\u00bb1_3&#8243; _builder_version=\u00bb4.15.1&#8243; _module_preset=\u00bbdefault\u00bb global_colors_info=\u00bb{}\u00bb][\/et_pb_column][et_pb_column type=\u00bb1_3&#8243; _builder_version=\u00bb4.15.1&#8243; _module_preset=\u00bbdefault\u00bb global_colors_info=\u00bb{}\u00bb][et_pb_text _builder_version=\u00bb4.15.1&#8243; _module_preset=\u00bbdefault\u00bb link_text_color=\u00bb#000000&#8243; link_line_height=\u00bb0em\u00bb header_5_text_color=\u00bbgcid-5ac03900-624e-4d2a-a340-d7a2c39a9a64&#8243; global_colors_info=\u00bb{%22gcid-5ac03900-624e-4d2a-a340-d7a2c39a9a64%22:%91%22header_5_text_color%22%93}\u00bb]<\/p>\n<h5 style=\"text-align: center;\">Medios de comunicaci\u00f3n social<\/h5>\n<p><center><a href=\"https:\/\/www.facebook.com\/finanzpartnerschweiz\/\">Facebook<\/a><\/center><center><a href=\"https:\/\/instagram.com\/fp_finanzpartner\">Instagram<\/a><\/center>[\/et_pb_text][\/et_pb_column][\/et_pb_row][et_pb_row _builder_version=\u00bb4.15.1&#8243; _module_preset=\u00bbdefault\u00bb global_colors_info=\u00bb{}\u00bb][et_pb_column type=\u00bb4_4&#8243; _builder_version=\u00bb4.15.1&#8243; _module_preset=\u00bbdefault\u00bb global_colors_info=\u00bb{}\u00bb][et_pb_text content_tablet=\u00bb\u00bb content_phone=\u00bb\u00bb content_last_edited=\u00bbon|phone\u00bb _builder_version=\u00bb4.15.1&#8243; _module_preset=\u00bbdefault\u00bb text_text_color=\u00bb#000000&#8243; link_text_color=\u00bb#000000&#8243; global_colors_info=\u00bb{}\u00bb]<\/p>\n<p style=\"text-align: center;\"><span>\u00a9 2022 krankenversicherung-schweiz.ch&nbsp;designed by &nbsp;<\/span><a href=\"https:\/\/www.rodriguesconsulting.ch\/\">Rodrigues Consulting GmbH<\/a><\/p>\n<p>[\/et_pb_text][\/et_pb_column][\/et_pb_row][\/et_pb_section]<\/p>\n","protected":false},"excerpt":{"rendered":"<p>Pie de imprentaDirecci\u00f3n postal FP Finanzpartner Schweiz GmbHChurerstrasse 359470 Buchs SGSchweiz &nbsp; Direcciones de contacto Tel.\u00a0081 515 27 00Mail:\u00a0info@finanzpartner.ch Plataforma de la Comisi\u00f3n Europea para la resoluci\u00f3n de conflictos en l\u00ednea: https:\/\/ec.europa.eu\/odr No estamos obligados ni dispuestos a participar en un procedimiento de resoluci\u00f3n de conflictos ante una junta de arbitraje de consumo.Legal Pie de [&hellip;]<\/p>\n","protected":false},"author":1,"featured_media":0,"parent":0,"menu_order":0,"comment_status":"closed","ping_status":"closed","template":"page-template-blank.php","meta":{"_et_pb_use_builder":"on","_et_pb_old_content":"[et_pb_section fb_built=\"1\" _builder_version=\"4.15.1\" _module_preset=\"default\" global_colors_info=\"{}\"][et_pb_row _builder_version=\"4.15.1\" _module_preset=\"default\" global_colors_info=\"{}\"][et_pb_column type=\"4_4\" _builder_version=\"4.15.1\" _module_preset=\"default\" global_colors_info=\"{}\"][et_pb_image src=\"https:\/\/krankenversicherung-schweiz.ch\/wp-content\/uploads\/2022\/03\/DEU-Kundenbewertungen-Banner.png\" title_text=\"DEU-Kundenbewertungen-Banner\" _builder_version=\"4.15.1\" _module_preset=\"default\" width=\"70%\" module_alignment=\"center\" custom_margin=\"-100px||||false|false\" custom_margin_tablet=\"-100px||||false|false\" custom_margin_phone=\"-50px||||false|false\" custom_margin_last_edited=\"on|phone\" hover_enabled=\"0\" global_colors_info=\"{}\" sticky_enabled=\"0\"][\/et_pb_image][\/et_pb_column][\/et_pb_row][et_pb_row _builder_version=\"4.15.1\" _module_preset=\"default\" global_colors_info=\"{}\"][et_pb_column type=\"4_4\" _builder_version=\"4.15.1\" _module_preset=\"default\" global_colors_info=\"{}\"][et_pb_text _builder_version=\"4.15.1\" _module_preset=\"default\" global_colors_info=\"{}\"]\n<h1 style=\"text-align: center;\">Impressum<\/h1>\n[\/et_pb_text][\/et_pb_column][\/et_pb_row][et_pb_row _builder_version=\"4.15.1\" _module_preset=\"default\" hover_enabled=\"0\" global_colors_info=\"{}\" sticky_enabled=\"0\"][et_pb_column type=\"4_4\" _builder_version=\"4.15.1\" _module_preset=\"default\" global_colors_info=\"{}\"][et_pb_text _builder_version=\"4.15.1\" _module_preset=\"default\" hover_enabled=\"0\" global_colors_info=\"{}\" sticky_enabled=\"0\"]\n<h3>Postanschrift<\/h3>\nFP Finanzpartner Schweiz GmbH\nChurerstrasse 35\n9470 Buchs SG\nSchweiz\n\n&nbsp;\n<h3>Kontakt Adressen<\/h3>\n<span>Tel.&nbsp;<a href=\"phone:+081%20515%2027%2000\">081 515 27 00<\/a>\nMail:&nbsp;<a href=\"mailto:info@finanzpartner.ch\">info@finanzpartner.ch<\/a>\n<\/span>\n\nPlattform der EU-Kommission zur Online-Streitbeilegung:&nbsp;<a href=\"https:\/\/ec.europa.eu\/odr\" target=\"_blank\" rel=\"noreferrer noopener\">https:\/\/ec.europa.eu\/odr<\/a>\n\nWir sind zur Teilnahme an einem Streitbeilegungsverfahren vor einer Verbraucherschlichtungsstelle weder verpflichtet noch bereit.\n\n[\/et_pb_text][\/et_pb_column][\/et_pb_row][\/et_pb_section][et_pb_section fb_built=\"1\" _builder_version=\"4.15.1\" _module_preset=\"default\" global_colors_info=\"{}\"][et_pb_row _builder_version=\"4.15.1\" _module_preset=\"default\" global_colors_info=\"{}\"][et_pb_column type=\"4_4\" _builder_version=\"4.15.1\" _module_preset=\"default\" global_colors_info=\"{}\"][et_pb_button button_url=\"@ET-DC@eyJkeW5hbWljIjp0cnVlLCJjb250ZW50IjoicG9zdF9saW5rX3VybF9wYWdlIiwic2V0dGluZ3MiOnsicG9zdF9pZCI6Ijc2MSJ9fQ==@\" button_text=\"Zur\u00fcck zur Startseite\" button_alignment=\"center\" _builder_version=\"4.15.1\" _dynamic_attributes=\"button_url\" _module_preset=\"default\" custom_button=\"on\" button_text_color=\"#FFFFFF\" button_bg_color=\"gcid-5ac03900-624e-4d2a-a340-d7a2c39a9a64\" button_border_width=\"0px\" button_border_radius=\"10px\" hover_enabled=\"0\" global_colors_info=\"{%22gcid-5ac03900-624e-4d2a-a340-d7a2c39a9a64%22:%91%22button_bg_color%22%93}\" sticky_enabled=\"0\"][\/et_pb_button][\/et_pb_column][\/et_pb_row][\/et_pb_section][et_pb_section fb_built=\"1\" _builder_version=\"4.15.1\" _module_preset=\"default\" global_colors_info=\"{}\"][et_pb_row column_structure=\"1_3,1_3,1_3\" _builder_version=\"4.15.1\" _module_preset=\"default\" global_colors_info=\"{}\"][et_pb_column type=\"1_3\" _builder_version=\"4.15.1\" _module_preset=\"default\" global_colors_info=\"{}\"][et_pb_text _builder_version=\"4.15.1\" _module_preset=\"default\" link_text_color=\"#000000\" link_line_height=\"0em\" header_5_text_color=\"gcid-5ac03900-624e-4d2a-a340-d7a2c39a9a64\" hover_enabled=\"0\" global_colors_info=\"{%22gcid-5ac03900-624e-4d2a-a340-d7a2c39a9a64%22:%91%22header_5_text_color%22%93}\" sticky_enabled=\"0\"]\n<h5 style=\"text-align: center;\">Rechtliches<\/h5>\n<center><a href=\"https:\/\/krankenversicherung-schweiz.ch\/impressum\/\">Impressum<\/a><\/center><center><a href=\"https:\/\/krankenversicherung-schweiz.ch\/datenschutz\/\">Datenschutz<\/a><\/center>[\/et_pb_text][\/et_pb_column][et_pb_column type=\"1_3\" _builder_version=\"4.15.1\" _module_preset=\"default\" global_colors_info=\"{}\"][\/et_pb_column][et_pb_column type=\"1_3\" _builder_version=\"4.15.1\" _module_preset=\"default\" global_colors_info=\"{}\"][et_pb_text _builder_version=\"4.15.1\" _module_preset=\"default\" link_text_color=\"#000000\" link_line_height=\"0em\" header_5_text_color=\"gcid-5ac03900-624e-4d2a-a340-d7a2c39a9a64\" hover_enabled=\"0\" global_colors_info=\"{%22gcid-5ac03900-624e-4d2a-a340-d7a2c39a9a64%22:%91%22header_5_text_color%22%93}\" sticky_enabled=\"0\"]\n<h5 style=\"text-align: center;\">Social Media<\/h5>\n<center><a href=\"https:\/\/www.facebook.com\">Facebook<\/a><\/center><center><a href=\"https:\/\/www.instagram.com\">Instagram<\/a><\/center>\n\n[\/et_pb_text][\/et_pb_column][\/et_pb_row][et_pb_row _builder_version=\"4.15.1\" _module_preset=\"default\" global_colors_info=\"{}\"][et_pb_column type=\"4_4\" _builder_version=\"4.15.1\" _module_preset=\"default\" global_colors_info=\"{}\"][et_pb_text content_tablet=\"\" content_phone=\"\" content_last_edited=\"on|phone\" _builder_version=\"4.15.1\" _module_preset=\"default\" text_text_color=\"#000000\" link_text_color=\"#000000\" global_colors_info=\"{}\"]\n<p style=\"text-align: center;\"><span>\u00a9 2022 krankenversicherung-schweiz.ch&nbsp;designed by &nbsp;<\/span><a href=\"https:\/\/www.rodriguesconsulting.ch\/\">Rodrigues Consulting GmbH<\/a><\/p>\n[\/et_pb_text][\/et_pb_column][\/et_pb_row][\/et_pb_section]","_et_gb_content_width":"","footnotes":""},"class_list":["post-934","page","type-page","status-publish","hentry"],"_links":{"self":[{"href":"https:\/\/krankenversicherung-schweiz.ch\/es\/wp-json\/wp\/v2\/pages\/934","targetHints":{"allow":["GET"]}}],"collection":[{"href":"https:\/\/krankenversicherung-schweiz.ch\/es\/wp-json\/wp\/v2\/pages"}],"about":[{"href":"https:\/\/krankenversicherung-schweiz.ch\/es\/wp-json\/wp\/v2\/types\/page"}],"author":[{"embeddable":true,"href":"https:\/\/krankenversicherung-schweiz.ch\/es\/wp-json\/wp\/v2\/users\/1"}],"replies":[{"embeddable":true,"href":"https:\/\/krankenversicherung-schweiz.ch\/es\/wp-json\/wp\/v2\/comments?post=934"}],"version-history":[{"count":6,"href":"https:\/\/krankenversicherung-schweiz.ch\/es\/wp-json\/wp\/v2\/pages\/934\/revisions"}],"predecessor-version":[{"id":1122,"href":"https:\/\/krankenversicherung-schweiz.ch\/es\/wp-json\/wp\/v2\/pages\/934\/revisions\/1122"}],"wp:attachment":[{"href":"https:\/\/krankenversicherung-schweiz.ch\/es\/wp-json\/wp\/v2\/media?parent=934"}],"curies":[{"name":"wp","href":"https:\/\/api.w.org\/{rel}","templated":true}]}}